{"id":22,"date":"2025-04-29T16:27:42","date_gmt":"2025-04-29T14:27:42","guid":{"rendered":"http:\/\/gilleslanglet.com\/?page_id=22"},"modified":"2026-04-08T01:40:14","modified_gmt":"2026-04-07T23:40:14","slug":"biographie","status":"publish","type":"page","link":"https:\/\/gilleslanglet.com\/index.php\/biographie\/","title":{"rendered":"\u00c0 propos"},"content":{"rendered":"\n<h2 class=\"wp-block-heading\"><strong>Qui suis-je<\/strong><\/h2>\n\n\n\n<p>Gilles Langlet n\u00e9 le 27 juillet 1981 sous le nombre \u00ab&nbsp;9&nbsp;\u00bb<\/p>\n\n\n\n<p>Tr\u00e8s t\u00f4t un amour du dessin, un go\u00fbt du \u00ab&nbsp;beau&nbsp;\u00bb et une attirance pour le monde int\u00e9rieur (imaginaire et int\u00e9riorit\u00e9)<\/p>\n\n\n\n<p>Scolarit\u00e9 classique durant laquelle je passe la plupart de mon temps \u00e0 dessiner (au grand damne de mes professeurs)<\/p>\n\n\n\n<p>\/\/ durant cette p\u00e9riode, je fr\u00e9quente diverses acad\u00e9mies (Braine-l&rsquo;-Alleud, Nivelles)<\/p>\n\n\n\n<p>Passage \u00e0 la Cambre (ENSAV) en 1\u00e8re mobilier\/agencement (int\u00e9r\u00eat pour l&rsquo;espace, l&rsquo;environnement)<\/p>\n\n\n\n<p>Licence en vid\u00e9ographie \u00e0 l&rsquo;Acad\u00e9mie Royale des Beaux-Arts de Li\u00e8ge (ARBAL). Vid\u00e9o parce que int\u00e9r\u00eat pour le mouvement, le rythme, le cadrage et le son.<\/p>\n\n\n\n<p>\/\/ Master Class en installation multim\u00e9dia avec Jean-Pierre Giovanelli<\/p>\n\n\n\n<p>\/\/ cours de promotion sociale en infographie (Seraing)<\/p>\n\n\n\n<p>\/\/ groupes de musique (Cable Ben et Capital)<\/p>\n\n\n\n<p>\/\/ Saint-Jacques de Compostelle (voyage, p\u00e9r\u00e9grination)<\/p>\n\n\n\n<p>\/\/ diverses expositions&nbsp;:<\/p>\n\n\n\n<p>Vjaying (monde de la nuit)<\/p>\n\n\n\n<p>Captations de concerts et spectacles (+ mariages alimentaires)<\/p>\n\n\n\n<p>Formations en Adobe After Effects (cepegra)<\/p>\n\n\n\n<p>\/\/ pratique du dessin<\/p>\n\n\n\n<p>\/\/ jobs alimentaires (usines, magasinier)<\/p>\n\n\n\n<p>S\u00e9rigraphie \u00e0 l&rsquo;Acad\u00e9mie Alphons Darville (Charleroi) 4 ann\u00e9es<\/p>\n\n\n\n<p>Agr\u00e9gation (CESS) \u00e0 l&rsquo;Acad\u00e9mie Royale de Beaux-Arts de Bruxelles (ARBA ESA)<\/p>\n\n\n\n<p>Interventions d&rsquo;Arts Plastiques dans un foyer de vie pour adultes en situation de handicape \u00e0 La Longueville (Fr) &#8211; 4 ann\u00e9es<\/p>\n\n\n\n<p>Enseignement \u00e0 Saint-Luc Mons (la Biche) en secondaire artistique &#8211; 3 ans<\/p>\n\n\n\n<p>Enseignement dans le secondaire sp\u00e9cialis\u00e9 (\u00e9cole du Soleil Levant \u2013 Montignies\/Sambre)<\/p>\n\n\n\n<p>\/\/ assistant sc\u00e9nographe pour la pi\u00e8ce Clothilde du Nord mise en sc\u00e8ne de Micha\u00ebl De Clercq<\/p>\n\n\n\n<p>2018 retour \u00e0 une pratique plus rigoureuse de mon art<\/p>\n\n\n\n<p>avec l&rsquo;\u00e9mergence de mes th\u00e9matiques actuelles<\/p>\n\n\n\n<p>2023 Pause carri\u00e8re pour me consacrer pleinement \u00e0 ma production artistique<\/p>\n\n\n\n<p>mes m\u00e9diums&nbsp;: s\u00e9rigraphie, dessin, vid\u00e9o, photo, collage, gravure et PEINTURE.<\/p>\n\n\n\n<h2 class=\"wp-block-heading\"><strong>Influences&nbsp;<\/strong><\/h2>\n\n\n\n<p>Elles sont nombreuses et vari\u00e9es. Pour n&rsquo;en citer que quelques unes&nbsp;: l&rsquo;Art du Pal\u00e9olithique Sup\u00e9rieur, les arts \u00ab&nbsp;premiers&nbsp;\u00bb,la musique, la nature, le Caravage, Egon Schiele, Roger Caillois, Roger La Croix&#8230;<\/p>\n\n\n\n<h2 class=\"wp-block-heading\"><strong>Ma pratique&nbsp;<\/strong><\/h2>\n\n\n\n<ul class=\"wp-block-list\">\n<li>Techniques\/m\u00e9diums&nbsp;: Principalement, la peinture mais aussi le dessin, la s\u00e9rigraphie, la gravure, le collage et les arts num\u00e9riques<\/li>\n\n\n\n<li>En peinture, j&rsquo;utilise des outils emprunt\u00e9s au street art (bombes de couleur, marqueurs acryliques, encres permanentes&#8230;)<\/li>\n\n\n\n<li>Plut\u00f4t des grands formats pour lib\u00e9rer mon geste<\/li>\n\n\n\n<li>Parfois abstraite tendant vers le figuratif, parfois figurative tendant vers l&rsquo;abstraction<\/li>\n<\/ul>\n\n\n\n<h2 class=\"wp-block-heading\"><strong>Th\u00e9matiques&nbsp;<\/strong><\/h2>\n\n\n\n<ul class=\"wp-block-list\">\n<li>La Pr\u00e9histoire (arts, signes, grottes, s\u00e9pultures, rituel, l&rsquo;animisme&#8230;)<\/li>\n<\/ul>\n\n\n\n<p>La part de myst\u00e8re qu&rsquo;elle rec\u00e8le et son propre imaginaire que l&rsquo;on peut y projeter. Nos origines &#8230;<\/p>\n\n\n\n<ul class=\"wp-block-list\">\n<li>La Montagne (puissance et qui\u00e9tude&#8230;)<\/li>\n\n\n\n<li>La grotte (sa physicalit\u00e9 et ses symboliques&nbsp;: Platon, matrice, entrailles de la Terre, l&rsquo;inconnu, r\u00e9ceptacle de l&rsquo;Art Pr\u00e9historique arriv\u00e9 jusqu&rsquo;\u00e0 nous&#8230;)<\/li>\n\n\n\n<li>Le min\u00e9ral (en liens avec le sid\u00e9ral, les grottes, la montagne, les cristaux, la roche, les stalagmites et stalactites&#8230;)<\/li>\n\n\n\n<li>Le serpent et ses symboliques (cf. \u00ab&nbsp;le serpent cosmique&nbsp;\u00bb de Jeremy Narby et \u00ab&nbsp;le rituel du serpent&nbsp;\u00bb d&rsquo;Aby Warburg)<\/li>\n\n\n\n<li>Le chiffre 3 et sa table de multiplication (symbolique, 9, le triangle, la pyramide, le nombre Pi, la g\u00e9om\u00e9trie, la num\u00e9rologie&#8230;)<\/li>\n\n\n\n<li>Le soleil et les astres (constellations, \u00ab&nbsp;cartographie&nbsp;\u00bb&#8230;)<\/li>\n<\/ul>\n\n\n\n<h2 class=\"wp-block-heading\"><strong>Ma d\u00e9marche&nbsp;<\/strong><\/h2>\n\n\n\n<p>Il y a un aspect mystique dans mon travail en rapport avec ma propre cosmogonie emprunte de symbolique et d&rsquo;onirisme. Le tout teint\u00e9 par ma psych\u00e9.<\/p>\n\n\n\n<p>Mon vocabulaire pictural est fait de signes, de r\u00e9p\u00e9titions de formes, de graphismes et de \u00ab&nbsp;r\u00e8gles&nbsp;\u00bb tel un rituel que je m&rsquo;impose.<\/p>\n\n\n\n<p>L&rsquo;importance du geste m&rsquo;apporte une physicalit\u00e9 dans mon rapport \u00e0 l\u2019\u0153uvre.<\/p>\n\n\n\n<p>Mon travail par strates\/couches et ma m\u00e9thodologie se rapprochent de la s\u00e9rigraphie. En effet, le traitement diff\u00e9renci\u00e9 des \u00e9l\u00e9ments composant mes \u0153uvres par l&rsquo;utilisation de contrastes de rendus (mates, brillants, chrom\u00e9s, UV, luminescent, m\u00e9diums&#8230;) am\u00e8ne \u00e0 une perception simple et complexe (d\u00e9tails\/ensemble) (cf. th\u00e9orie de la Gestalt).<\/p>\n\n\n\n<p>Plusieurs visions de mes \u0153uvres sont possibles, en fonction du point de vue et de la lumi\u00e8re (source lumineuse, lumi\u00e8re UV, reflets, brillant\/mate, peinture luminescente&#8230;).<\/p>\n\n\n\n<p>La perception de mes \u0153uvres peut varier. Il y a souvent plusieurs orientations et\/ou plusieurs sujets possibles pour mes tableaux. Ceci rejoint un de mes processus qui consiste \u00e0 mettre en \u00e9vidence des \u00e9l\u00e9ments pour ensuite les cacher.<\/p>\n","protected":false},"excerpt":{"rendered":"<p>Qui suis-je Gilles Langlet n\u00e9 le 27 juillet 1981 sous le nombre \u00ab&nbsp;9&nbsp;\u00bb Tr\u00e8s t\u00f4t un amour du dessin, un go\u00fbt du \u00ab&nbsp;beau&nbsp;\u00bb et une attirance pour le monde int\u00e9rieur (imaginaire et int\u00e9riorit\u00e9) Scolarit\u00e9 classique durant laquelle je passe la plupart de mon temps \u00e0 dessiner (au grand damne de mes professeurs) \/\/ durant cette [&hellip;]<\/p>\n","protected":false},"author":1,"featured_media":0,"parent":0,"menu_order":0,"comment_status":"closed","ping_status":"closed","template":"","meta":{"footnotes":""},"class_list":["post-22","page","type-page","status-publish","hentry","missing-thumbnail"],"_links":{"self":[{"href":"https:\/\/gilleslanglet.com\/index.php\/wp-json\/wp\/v2\/pages\/22","targetHints":{"allow":["GET"]}}],"collection":[{"href":"https:\/\/gilleslanglet.com\/index.php\/wp-json\/wp\/v2\/pages"}],"about":[{"href":"https:\/\/gilleslanglet.com\/index.php\/wp-json\/wp\/v2\/types\/page"}],"author":[{"embeddable":true,"href":"https:\/\/gilleslanglet.com\/index.php\/wp-json\/wp\/v2\/users\/1"}],"replies":[{"embeddable":true,"href":"https:\/\/gilleslanglet.com\/index.php\/wp-json\/wp\/v2\/comments?post=22"}],"version-history":[{"count":5,"href":"https:\/\/gilleslanglet.com\/index.php\/wp-json\/wp\/v2\/pages\/22\/revisions"}],"predecessor-version":[{"id":129,"href":"https:\/\/gilleslanglet.com\/index.php\/wp-json\/wp\/v2\/pages\/22\/revisions\/129"}],"wp:attachment":[{"href":"https:\/\/gilleslanglet.com\/index.php\/wp-json\/wp\/v2\/media?parent=22"}],"curies":[{"name":"wp","href":"https:\/\/api.w.org\/{rel}","templated":true}]}}